{"id":5763,"date":"2019-07-11T14:37:18","date_gmt":"2019-07-11T14:37:18","guid":{"rendered":"https:\/\/sakurapark.rs\/?page_id=5763"},"modified":"2021-09-27T08:17:41","modified_gmt":"2021-09-27T08:17:41","slug":"innova","status":"publish","type":"page","link":"https:\/\/sakurapark.rs\/en\/innova\/","title":{"rendered":"INNOVA"},"content":{"rendered":"","protected":false},"excerpt":{"rendered":"","protected":false},"author":2,"featured_media":0,"parent":0,"menu_order":0,"comment_status":"closed","ping_status":"closed","template":"template-innova.php","meta":[],"acf":[],"yoast_head":"<!-- This site is optimized with the Yoast SEO plugin v18.1 - https:\/\/yoast.com\/wordpress\/plugins\/seo\/ -->\n<meta name=\"robots\" content=\"index, follow, max-snippet:-1, max-image-preview:large, max-video-preview:-1\" \/>\n<link rel=\"canonical\" href=\"https:\/\/sakurapark.rs\/en\/innova\/\" \/>\n<meta property=\"og:locale\" content=\"en_US\" \/>\n<meta property=\"og:type\" content=\"article\" \/>\n<meta property=\"og:title\" content=\"Za sve vremenske prilike i potpuno u\u017eivanje.\" \/>\n<meta property=\"og:description\" content=\"Savr\u0161eno prilagodljiva temperatura u va\u0161em domu.\" \/>\n<meta property=\"og:url\" content=\"https:\/\/sakurapark.rs\/innova\/\" \/>\n<meta property=\"article:modified_time\" content=\"2021-09-27T08:17:41+00:00\" \/>\n<meta property=\"og:image\" content=\"https:\/\/sakurapark.rs\/wp-content\/uploads\/2021\/09\/1.png\" \/>\n\t<meta property=\"og:image:width\" content=\"1200\" \/>\n\t<meta property=\"og:image:height\" content=\"628\" \/>\n\t<meta property=\"og:image:type\" content=\"image\/png\" \/>\n<meta name=\"twitter:card\" content=\"summary_large_image\" \/>\n<script type=\"application\/ld+json\" class=\"yoast-schema-graph\">{\"@context\":\"https:\/\/schema.org\",\"@graph\":[{\"@type\":\"WebSite\",\"@id\":\"https:\/\/sakurapark.rs\/en\/#website\",\"url\":\"https:\/\/sakurapark.rs\/en\/\",\"name\":\"\",\"description\":\"Just another WordPress site\",\"potentialAction\":[{\"@type\":\"SearchAction\",\"target\":{\"@type\":\"EntryPoint\",\"urlTemplate\":\"https:\/\/sakurapark.rs\/en\/?s={search_term_string}\"},\"query-input\":\"required name=search_term_string\"}],\"inLanguage\":\"en-US\"},{\"@type\":\"ImageObject\",\"@id\":\"https:\/\/sakurapark.rs\/innova\/#primaryimage\",\"inLanguage\":\"en-US\",\"url\":\"https:\/\/sakurapark.rs\/wp-content\/uploads\/2021\/09\/1.png\",\"contentUrl\":\"https:\/\/sakurapark.rs\/wp-content\/uploads\/2021\/09\/1.png\",\"width\":1200,\"height\":628},{\"@type\":\"WebPage\",\"@id\":\"https:\/\/sakurapark.rs\/innova\/#webpage\",\"url\":\"https:\/\/sakurapark.rs\/innova\/\",\"name\":\"INNOVA -\",\"isPartOf\":{\"@id\":\"https:\/\/sakurapark.rs\/en\/#website\"},\"datePublished\":\"2019-07-11T14:37:18+00:00\",\"dateModified\":\"2021-09-27T08:17:41+00:00\",\"breadcrumb\":{\"@id\":\"https:\/\/sakurapark.rs\/innova\/#breadcrumb\"},\"inLanguage\":\"en-US\",\"potentialAction\":[{\"@type\":\"ReadAction\",\"target\":[\"https:\/\/sakurapark.rs\/innova\/\"]}]},{\"@type\":\"BreadcrumbList\",\"@id\":\"https:\/\/sakurapark.rs\/innova\/#breadcrumb\",\"itemListElement\":[{\"@type\":\"ListItem\",\"position\":1,\"name\":\"Home\",\"item\":\"https:\/\/sakurapark.rs\/en\/\"},{\"@type\":\"ListItem\",\"position\":2,\"name\":\"INNOVA\"}]}]}<\/script>\n<!-- \/ Yoast SEO plugin. -->","yoast_head_json":{"robots":{"index":"index","follow":"follow","max-snippet":"max-snippet:-1","max-image-preview":"max-image-preview:large","max-video-preview":"max-video-preview:-1"},"canonical":"https:\/\/sakurapark.rs\/en\/innova\/","og_locale":"en_US","og_type":"article","og_title":"Za sve vremenske prilike i potpuno u\u017eivanje.","og_description":"Savr\u0161eno prilagodljiva temperatura u va\u0161em domu.","og_url":"https:\/\/sakurapark.rs\/innova\/","article_modified_time":"2021-09-27T08:17:41+00:00","og_image":[{"width":1200,"height":628,"url":"https:\/\/sakurapark.rs\/wp-content\/uploads\/2021\/09\/1.png","type":"image\/png"}],"twitter_card":"summary_large_image","schema":{"@context":"https:\/\/schema.org","@graph":[{"@type":"WebSite","@id":"https:\/\/sakurapark.rs\/en\/#website","url":"https:\/\/sakurapark.rs\/en\/","name":"","description":"Just another WordPress site","potentialAction":[{"@type":"SearchAction","target":{"@type":"EntryPoint","urlTemplate":"https:\/\/sakurapark.rs\/en\/?s={search_term_string}"},"query-input":"required name=search_term_string"}],"inLanguage":"en-US"},{"@type":"ImageObject","@id":"https:\/\/sakurapark.rs\/innova\/#primaryimage","inLanguage":"en-US","url":"https:\/\/sakurapark.rs\/wp-content\/uploads\/2021\/09\/1.png","contentUrl":"https:\/\/sakurapark.rs\/wp-content\/uploads\/2021\/09\/1.png","width":1200,"height":628},{"@type":"WebPage","@id":"https:\/\/sakurapark.rs\/innova\/#webpage","url":"https:\/\/sakurapark.rs\/innova\/","name":"INNOVA -","isPartOf":{"@id":"https:\/\/sakurapark.rs\/en\/#website"},"datePublished":"2019-07-11T14:37:18+00:00","dateModified":"2021-09-27T08:17:41+00:00","breadcrumb":{"@id":"https:\/\/sakurapark.rs\/innova\/#breadcrumb"},"inLanguage":"en-US","potentialAction":[{"@type":"ReadAction","target":["https:\/\/sakurapark.rs\/innova\/"]}]},{"@type":"BreadcrumbList","@id":"https:\/\/sakurapark.rs\/innova\/#breadcrumb","itemListElement":[{"@type":"ListItem","position":1,"name":"Home","item":"https:\/\/sakurapark.rs\/en\/"},{"@type":"ListItem","position":2,"name":"INNOVA"}]}]}},"_links":{"self":[{"href":"https:\/\/sakurapark.rs\/en\/wp-json\/wp\/v2\/pages\/5763"}],"collection":[{"href":"https:\/\/sakurapark.rs\/en\/wp-json\/wp\/v2\/pages"}],"about":[{"href":"https:\/\/sakurapark.rs\/en\/wp-json\/wp\/v2\/types\/page"}],"author":[{"embeddable":true,"href":"https:\/\/sakurapark.rs\/en\/wp-json\/wp\/v2\/users\/2"}],"replies":[{"embeddable":true,"href":"https:\/\/sakurapark.rs\/en\/wp-json\/wp\/v2\/comments?post=5763"}],"version-history":[{"count":1,"href":"https:\/\/sakurapark.rs\/en\/wp-json\/wp\/v2\/pages\/5763\/revisions"}],"predecessor-version":[{"id":5764,"href":"https:\/\/sakurapark.rs\/en\/wp-json\/wp\/v2\/pages\/5763\/revisions\/5764"}],"wp:attachment":[{"href":"https:\/\/sakurapark.rs\/en\/wp-json\/wp\/v2\/media?parent=5763"}],"curies":[{"name":"wp","href":"https:\/\/api.w.org\/{rel}","templated":true}]}}